{"id":21,"date":"2021-06-14T17:07:19","date_gmt":"2021-06-14T15:07:19","guid":{"rendered":"https:\/\/cab-salumujoseph.be\/v2\/?page_id=21"},"modified":"2021-08-02T20:50:06","modified_gmt":"2021-08-02T18:50:06","slug":"bienvenue-sur-le-site-de-joseph-salumu","status":"publish","type":"page","link":"https:\/\/cab-salumujoseph.be\/v2\/","title":{"rendered":"Bienvenue sur le site de Joseph Salumu"},"content":{"rendered":"\n<p><br><br>Adresse du cabinet:<br>Sint Kormnelius Straat 18<br>1831 Diegem<\/p>\n\n\n\n<p>Consultation de lundi a vendredi sur rendez-vous<\/p>\n\n\n\n<p>Pour plus d&rsquo;info:<br>tel: 02\/308.42.45<br>Gsm:&nbsp; 0475\/63.85.25<br>E-mail:&nbsp;<a href=\"mailto:josephsalumu1@yahoo.fr\">josephsalumu1@yahoo.fr<\/a><\/p>\n\n\n\n<!-- default-view.php -->\n<div\n\tclass=\"ngg-galleryoverview default-view \"\n\tid=\"ngg-gallery-aed252589d55f7bf7ba0a9c0338d089d-1\">\n\n\t\t<!-- Thumbnails -->\n\t\t\t\t<div id=\"ngg-image-0\" class=\"ngg-gallery-thumbnail-box \" >\n\t\t\t\t        <div class=\"ngg-gallery-thumbnail\">\n            <a href=\"https:\/\/cab-salumujoseph.be\/v2\/wp-content\/gallery\/bienvenue\/32215083_2516110891947771_4965672515679551488_n.jpg\"\n               title=\"\"\n               data-src=\"https:\/\/cab-salumujoseph.be\/v2\/wp-content\/gallery\/bienvenue\/32215083_2516110891947771_4965672515679551488_n.jpg\"\n               data-thumbnail=\"https:\/\/cab-salumujoseph.be\/v2\/wp-content\/gallery\/bienvenue\/thumbs\/thumbs_32215083_2516110891947771_4965672515679551488_n.jpg\"\n               data-image-id=\"35\"\n               data-title=\"32215083_2516110891947771_4965672515679551488_n\"\n               data-description=\"\"\n               data-image-slug=\"32215083_2516110891947771_4965672515679551488_n\"\n               class=\"ngg-simplelightbox\" rel=\"aed252589d55f7bf7ba0a9c0338d089d\">\n                <img\n                    title=\"32215083_2516110891947771_4965672515679551488_n\"\n                    alt=\"32215083_2516110891947771_4965672515679551488_n\"\n                    src=\"https:\/\/cab-salumujoseph.be\/v2\/wp-content\/gallery\/bienvenue\/thumbs\/thumbs_32215083_2516110891947771_4965672515679551488_n.jpg\"\n                    width=\"240\"\n                    height=\"160\"\n                    style=\"max-width:100%;\"\n                \/>\n            <\/a>\n        <\/div>\n\t\t\t\t\t\t\t<\/div> \n\t\t\t\n\t\t\t\t<div id=\"ngg-image-1\" class=\"ngg-gallery-thumbnail-box \" >\n\t\t\t\t        <div class=\"ngg-gallery-thumbnail\">\n            <a href=\"https:\/\/cab-salumujoseph.be\/v2\/wp-content\/gallery\/bienvenue\/32215035_2516110908614436_3622236509614112768_n.jpg\"\n               title=\"\"\n               data-src=\"https:\/\/cab-salumujoseph.be\/v2\/wp-content\/gallery\/bienvenue\/32215035_2516110908614436_3622236509614112768_n.jpg\"\n               data-thumbnail=\"https:\/\/cab-salumujoseph.be\/v2\/wp-content\/gallery\/bienvenue\/thumbs\/thumbs_32215035_2516110908614436_3622236509614112768_n.jpg\"\n               data-image-id=\"37\"\n               data-title=\"32215035_2516110908614436_3622236509614112768_n\"\n               data-description=\"\"\n               data-image-slug=\"32215035_2516110908614436_3622236509614112768_n\"\n               class=\"ngg-simplelightbox\" rel=\"aed252589d55f7bf7ba0a9c0338d089d\">\n                <img\n                    title=\"32215035_2516110908614436_3622236509614112768_n\"\n                    alt=\"32215035_2516110908614436_3622236509614112768_n\"\n                    src=\"https:\/\/cab-salumujoseph.be\/v2\/wp-content\/gallery\/bienvenue\/thumbs\/thumbs_32215035_2516110908614436_3622236509614112768_n.jpg\"\n                    width=\"240\"\n                    height=\"160\"\n                    style=\"max-width:100%;\"\n                \/>\n            <\/a>\n        <\/div>\n\t\t\t\t\t\t\t<\/div> \n\t\t\t\n\t\t\t\t<div id=\"ngg-image-2\" class=\"ngg-gallery-thumbnail-box \" >\n\t\t\t\t        <div class=\"ngg-gallery-thumbnail\">\n            <a href=\"https:\/\/cab-salumujoseph.be\/v2\/wp-content\/gallery\/bienvenue\/32253782_2516110798614447_7670024069747572736_n.jpg\"\n               title=\"\"\n               data-src=\"https:\/\/cab-salumujoseph.be\/v2\/wp-content\/gallery\/bienvenue\/32253782_2516110798614447_7670024069747572736_n.jpg\"\n               data-thumbnail=\"https:\/\/cab-salumujoseph.be\/v2\/wp-content\/gallery\/bienvenue\/thumbs\/thumbs_32253782_2516110798614447_7670024069747572736_n.jpg\"\n               data-image-id=\"41\"\n               data-title=\"32253782_2516110798614447_7670024069747572736_n\"\n               data-description=\"\"\n               data-image-slug=\"32253782_2516110798614447_7670024069747572736_n\"\n               class=\"ngg-simplelightbox\" rel=\"aed252589d55f7bf7ba0a9c0338d089d\">\n                <img\n                    title=\"32253782_2516110798614447_7670024069747572736_n\"\n                    alt=\"32253782_2516110798614447_7670024069747572736_n\"\n                    src=\"https:\/\/cab-salumujoseph.be\/v2\/wp-content\/gallery\/bienvenue\/thumbs\/thumbs_32253782_2516110798614447_7670024069747572736_n.jpg\"\n                    width=\"240\"\n                    height=\"160\"\n                    style=\"max-width:100%;\"\n                \/>\n            <\/a>\n        <\/div>\n\t\t\t\t\t\t\t<\/div> \n\t\t\t\n\t\t\t\t<div id=\"ngg-image-3\" class=\"ngg-gallery-thumbnail-box \" >\n\t\t\t\t        <div class=\"ngg-gallery-thumbnail\">\n            <a href=\"https:\/\/cab-salumujoseph.be\/v2\/wp-content\/gallery\/bienvenue\/32104901_2516110715281122_1576985405520084992_n.jpg\"\n               title=\"\"\n               data-src=\"https:\/\/cab-salumujoseph.be\/v2\/wp-content\/gallery\/bienvenue\/32104901_2516110715281122_1576985405520084992_n.jpg\"\n               data-thumbnail=\"https:\/\/cab-salumujoseph.be\/v2\/wp-content\/gallery\/bienvenue\/thumbs\/thumbs_32104901_2516110715281122_1576985405520084992_n.jpg\"\n               data-image-id=\"29\"\n               data-title=\"32104901_2516110715281122_1576985405520084992_n\"\n               data-description=\"\"\n               data-image-slug=\"32104901_2516110715281122_1576985405520084992_n\"\n               class=\"ngg-simplelightbox\" rel=\"aed252589d55f7bf7ba0a9c0338d089d\">\n                <img\n                    title=\"32104901_2516110715281122_1576985405520084992_n\"\n                    alt=\"32104901_2516110715281122_1576985405520084992_n\"\n                    src=\"https:\/\/cab-salumujoseph.be\/v2\/wp-content\/gallery\/bienvenue\/thumbs\/thumbs_32104901_2516110715281122_1576985405520084992_n.jpg\"\n                    width=\"240\"\n                    height=\"160\"\n                    style=\"max-width:100%;\"\n                \/>\n            <\/a>\n        <\/div>\n\t\t\t\t\t\t\t<\/div> \n\t\t\t\n\t\t\t\t<div id=\"ngg-image-4\" class=\"ngg-gallery-thumbnail-box \" >\n\t\t\t\t        <div class=\"ngg-gallery-thumbnail\">\n            <a href=\"https:\/\/cab-salumujoseph.be\/v2\/wp-content\/gallery\/bienvenue\/32267070_2516110661947794_3544551456151437312_n.jpg\"\n               title=\"\"\n               data-src=\"https:\/\/cab-salumujoseph.be\/v2\/wp-content\/gallery\/bienvenue\/32267070_2516110661947794_3544551456151437312_n.jpg\"\n               data-thumbnail=\"https:\/\/cab-salumujoseph.be\/v2\/wp-content\/gallery\/bienvenue\/thumbs\/thumbs_32267070_2516110661947794_3544551456151437312_n.jpg\"\n               data-image-id=\"44\"\n               data-title=\"32267070_2516110661947794_3544551456151437312_n\"\n               data-description=\"\"\n               data-image-slug=\"32267070_2516110661947794_3544551456151437312_n\"\n               class=\"ngg-simplelightbox\" rel=\"aed252589d55f7bf7ba0a9c0338d089d\">\n                <img\n                    title=\"32267070_2516110661947794_3544551456151437312_n\"\n                    alt=\"32267070_2516110661947794_3544551456151437312_n\"\n                    src=\"https:\/\/cab-salumujoseph.be\/v2\/wp-content\/gallery\/bienvenue\/thumbs\/thumbs_32267070_2516110661947794_3544551456151437312_n.jpg\"\n                    width=\"240\"\n                    height=\"160\"\n                    style=\"max-width:100%;\"\n                \/>\n            <\/a>\n        <\/div>\n\t\t\t\t\t\t\t<\/div> \n\t\t\t\n\t\t\t\t<div id=\"ngg-image-5\" class=\"ngg-gallery-thumbnail-box \" >\n\t\t\t\t        <div class=\"ngg-gallery-thumbnail\">\n            <a href=\"https:\/\/cab-salumujoseph.be\/v2\/wp-content\/gallery\/bienvenue\/32271340_2516110761947784_8327506764454952960_n.jpg\"\n               title=\"\"\n               data-src=\"https:\/\/cab-salumujoseph.be\/v2\/wp-content\/gallery\/bienvenue\/32271340_2516110761947784_8327506764454952960_n.jpg\"\n               data-thumbnail=\"https:\/\/cab-salumujoseph.be\/v2\/wp-content\/gallery\/bienvenue\/thumbs\/thumbs_32271340_2516110761947784_8327506764454952960_n.jpg\"\n               data-image-id=\"45\"\n               data-title=\"32271340_2516110761947784_8327506764454952960_n\"\n               data-description=\"\"\n               data-image-slug=\"32271340_2516110761947784_8327506764454952960_n\"\n               class=\"ngg-simplelightbox\" rel=\"aed252589d55f7bf7ba0a9c0338d089d\">\n                <img\n                    title=\"32271340_2516110761947784_8327506764454952960_n\"\n                    alt=\"32271340_2516110761947784_8327506764454952960_n\"\n                    src=\"https:\/\/cab-salumujoseph.be\/v2\/wp-content\/gallery\/bienvenue\/thumbs\/thumbs_32271340_2516110761947784_8327506764454952960_n.jpg\"\n                    width=\"240\"\n                    height=\"160\"\n                    style=\"max-width:100%;\"\n                \/>\n            <\/a>\n        <\/div>\n\t\t\t\t\t\t\t<\/div> \n\t\t\t\n\t\t\t\t<div id=\"ngg-image-6\" class=\"ngg-gallery-thumbnail-box \" >\n\t\t\t\t        <div class=\"ngg-gallery-thumbnail\">\n            <a href=\"https:\/\/cab-salumujoseph.be\/v2\/wp-content\/gallery\/bienvenue\/32313781_2516110678614459_8649201739070701568_n.jpg\"\n               title=\"\"\n               data-src=\"https:\/\/cab-salumujoseph.be\/v2\/wp-content\/gallery\/bienvenue\/32313781_2516110678614459_8649201739070701568_n.jpg\"\n               data-thumbnail=\"https:\/\/cab-salumujoseph.be\/v2\/wp-content\/gallery\/bienvenue\/thumbs\/thumbs_32313781_2516110678614459_8649201739070701568_n.jpg\"\n               data-image-id=\"48\"\n               data-title=\"32313781_2516110678614459_8649201739070701568_n\"\n               data-description=\"\"\n               data-image-slug=\"32313781_2516110678614459_8649201739070701568_n\"\n               class=\"ngg-simplelightbox\" rel=\"aed252589d55f7bf7ba0a9c0338d089d\">\n                <img\n                    title=\"32313781_2516110678614459_8649201739070701568_n\"\n                    alt=\"32313781_2516110678614459_8649201739070701568_n\"\n                    src=\"https:\/\/cab-salumujoseph.be\/v2\/wp-content\/gallery\/bienvenue\/thumbs\/thumbs_32313781_2516110678614459_8649201739070701568_n.jpg\"\n                    width=\"240\"\n                    height=\"160\"\n                    style=\"max-width:100%;\"\n                \/>\n            <\/a>\n        <\/div>\n\t\t\t\t\t\t\t<\/div> \n\t\t\t\n\t\n\t<br style=\"clear: both\" \/>\n\n\t\n\t\t<!-- Pagination -->\n\t<div class='ngg-clear'><\/div>\t<\/div>\n\n\n\n\n<h2>specialisations<a href=\"http:\/\/cab-salumujoseph.be\/index.php?option=com_mailto&amp;tmpl=component&amp;template=beez_20&amp;link=a9c04db0541401b2af212ea8b71f7d587d99697c&amp;lang=en\"><\/a><\/h2>\n\n\n\n<ul><li>Soins dentaires conservateurs<\/li><li>Maladie de la gencives<\/li><li>Proth\u00e8ses fixes<\/li><li>Proth\u00e8ses mobiles ou totales<\/li><li>Proth\u00e8ses semi-fixes<\/li><li>Proth\u00e8ses sur implants<\/li><li>Chirurgie dentaire<\/li><li>Radiographie endo-buccale<\/li><li>Radiographie panoramique<\/li><li>Soins dentaires des enfants de moins de 18 ans<\/li><\/ul>\n\n\n\n<p><\/p>\n","protected":false},"excerpt":{"rendered":"<p>Adresse du cabinet:Sint Kormnelius Straat 181831 Diegem Consultation de lundi a vendredi sur rendez-vous Pour plus d&rsquo;info:tel: 02\/308.42.45Gsm:&nbsp; 0475\/63.85.25E-mail:&nbsp;josephsalumu1@yahoo.fr specialisations Soins dentaires conservateurs Maladie de la gencives Proth\u00e8ses fixes Proth\u00e8ses mobiles ou totales Proth\u00e8ses semi-fixes Proth\u00e8ses sur implants Chirurgie dentaire Radiographie endo-buccale Radiographie panoramique Soins dentaires des enfants de moins de 18 ans<\/p>\n","protected":false},"author":1,"featured_media":0,"parent":0,"menu_order":0,"comment_status":"closed","ping_status":"closed","template":"","meta":{"_regular_price":[],"currency_symbol":[],"ngg_post_thumbnail":0},"post_slider_layout_featured_media_urls":{"thumbnail":"","post_slider_layout_landscape_large":"","post_slider_layout_portrait_large":"","post_slider_layout_square_large":"","post_slider_layout_landscape":"","post_slider_layout_portrait":"","post_slider_layout_square":"","full":""},"_links":{"self":[{"href":"https:\/\/cab-salumujoseph.be\/v2\/wp-json\/wp\/v2\/pages\/21"}],"collection":[{"href":"https:\/\/cab-salumujoseph.be\/v2\/wp-json\/wp\/v2\/pages"}],"about":[{"href":"https:\/\/cab-salumujoseph.be\/v2\/wp-json\/wp\/v2\/types\/page"}],"author":[{"embeddable":true,"href":"https:\/\/cab-salumujoseph.be\/v2\/wp-json\/wp\/v2\/users\/1"}],"replies":[{"embeddable":true,"href":"https:\/\/cab-salumujoseph.be\/v2\/wp-json\/wp\/v2\/comments?post=21"}],"version-history":[{"count":9,"href":"https:\/\/cab-salumujoseph.be\/v2\/wp-json\/wp\/v2\/pages\/21\/revisions"}],"predecessor-version":[{"id":262,"href":"https:\/\/cab-salumujoseph.be\/v2\/wp-json\/wp\/v2\/pages\/21\/revisions\/262"}],"wp:attachment":[{"href":"https:\/\/cab-salumujoseph.be\/v2\/wp-json\/wp\/v2\/media?parent=21"}],"curies":[{"name":"wp","href":"https:\/\/api.w.org\/{rel}","templated":true}]}}